{"id":1464,"date":"2023-03-09T23:02:25","date_gmt":"2023-03-09T21:02:25","guid":{"rendered":"https:\/\/vulliama.ch\/situation\/"},"modified":"2023-05-15T01:00:55","modified_gmt":"2023-05-14T23:00:55","slug":"situation","status":"publish","type":"page","link":"https:\/\/vulliama.ch\/de\/situation\/","title":{"rendered":"Situation"},"content":{"rendered":"<section class=\"wpb-content-wrapper\">[vc_section][vc_row][vc_column][wr_vc_section_context]\n<h5 style=\"letter-spacing: 5px;\"><em>Leben in<\/em><\/h5>\n<h2 class=\"h2-heading\">Estavayer-Murist<\/h2>\n<p><strong>Murist liegt am S\u00fcdufer des Neuenburgersees und geh\u00f6rt zur Gemeinde Estavayer. Eine gastfreundliche Region, die dank ihrer attraktiven Natur, ihren Wassersportangeboten, ihrem Schulangebot und ihren Arbeitsm\u00f6glichkeiten zahlreiche neue Einwohner anzieht. Wer in Murist lebt, profitiert von einer \u00fcppigen Natur mit viel Platz und frischer Luft zum Durchatmen. Gleichzeitig findet man auch in der N\u00e4he alle Annehmlichkeiten und Einkaufsm\u00f6glichkeiten des modernen Lebens.<\/strong>[\/wr_vc_section_context][\/vc_column][\/vc_row][\/vc_section][vc_row css=&#8221;.vc_custom_1682899108873{margin-top: 80px !important;padding-top: 80px !important;}&#8221;][vc_column width=&#8221;1\/2&#8243;][wr_vc_section_context]<strong>Ausbildung:<\/strong> Ein hochwertiges Schulsystem schafft beste Bedingungen f\u00fcr die Jugendlichen:<\/p>\n<p>&#8211; Murist hat eine eigene Grundschule inklusive Kindergarten. Zudem wurde k\u00fcrzlich eine neue Turnhalle von 450 m2 und eine Bibliothek f\u00fcr 6,6 Millionen Franken erbaut.<br \/>\n&#8211; Die Sekundarschule arbeitet im Verbund mit Domdidier, Estavayer und Cugy. Estavayer hat rund 530 Sch\u00fcler:innen und 60 Lehrkr\u00e4fte.<br \/>\n&#8211; Auch die Kinderkrippe f\u00fcr Kinder im Vorschulalter, ist fortschrittlich. Sie hat von 6.30 bis 18.00 Uhr ge\u00f6ffnet.<\/p>\n<p><strong>Sport &amp; Freizeit:<\/strong> Murist und seine Region bieten eine breite Palette an sportlichen Aktivit\u00e4ten, Vereinen und Freizeitm\u00f6glichkeiten.<\/p>\n<p>&#8211; Von der Boulderhalle in Murist \u00fcber die l\u00e4ngsten Wasserskilift der Schweiz, die Reitschule in Estavayer, den Reitclub bis hin zum Golfplatz in Vuissens ist f\u00fcr jeden Geschmack etwas dabei.<\/p>\n<p><strong>Natur:<\/strong> Die Natur am S\u00fcdufer des Neuenburgersees ist einzigartig und das gr\u00f6sste Feucht-Schutzreservat der Schweiz.<br \/>\nEs beherrbergt beeindruckende 800 Pflanzen und 10\u2019000 Tierarten.<\/p>\n<p>&#8211; Die Umgebung bietet mehr als 50 km Wanderwege.<\/p>\n<p><strong>Kultur und Gastronomie:<\/strong> Eine aktive Vereinswelt, ein Theater (Th\u00e9\u00e2tre de la Prillaz) mit einem kompletten saisonalen Angebot.<\/p>\n<p>Die 7 Gemeinden von Estavayer z\u00e4hlen \u00fcber 25 restaurants, sowie zahlreiche Restaurants am Seeufer.[\/wr_vc_section_context][\/vc_column][vc_column width=&#8221;1\/2&#8243; css=&#8221;.vc_custom_1682899177608{margin-top: 100px !important;margin-left: 40px !important;padding-left: 20px !important;}&#8221;][vc_row_inner][vc_column_inner el_class=&#8221;column-img img-1&#8243; width=&#8221;1\/2&#8243;][\/vc_column_inner][vc_column_inner el_class=&#8221;column img-2&#8243; width=&#8221;1\/2&#8243;][\/vc_column_inner][\/vc_row_inner][vc_row_inner][vc_column_inner el_class=&#8221;column-img img-3&#8243; width=&#8221;1\/2&#8243;][\/vc_column_inner][vc_column_inner el_class=&#8221;column img-4&#8243; width=&#8221;1\/2&#8243;][\/vc_column_inner][\/vc_row_inner][vc_row_inner][vc_column_inner el_class=&#8221;column-img img-5&#8243; width=&#8221;1\/2&#8243;][\/vc_column_inner][vc_column_inner el_class=&#8221;column img-6&#8243; width=&#8221;1\/2&#8243;][\/vc_column_inner][\/vc_row_inner][\/vc_column][\/vc_row][vc_section el_class=&#8221;section1&#8243;][vc_row rtl_reverse=&#8221;yes&#8221;][vc_column width=&#8221;2\/3&#8243;][wr_vc_section_image class=&#8221;img1&#8243; image=&#8221;1088&#8243; margin=&#8221;0px 0px 25px&#8221;][\/vc_column][vc_column width=&#8221;1\/3&#8243;][wr_vc_section_context class=&#8221;text-block1&#8243; margin=&#8221;0px 0px 0px 35px&#8221;]\n<h3 class=\"h2-heading\">Entfernungen und Fahrzeiten:<\/h3>\n<p>&nbsp;<\/p>\n<h6>Estavayer 8km \/ 11min<\/h6>\n<h6>Bern 64km \/ 45min<\/h6>\n<h6>Fribourg 33km \/ 39min<\/h6>\n<h6>Bulle 49km \/ 43min<\/h6>\n<h6>Lausanne 37km \/ 42min<\/h6>\n[\/wr_vc_section_context][\/vc_column][\/vc_row][\/vc_section][vc_section][vc_row][vc_column width=&#8221;1\/4&#8243;][wr_vc_section_context class=&#8221;text-block2&#8243; margin=&#8221;40px 0px 0px 0px&#8221;]\n<h2 class=\"h2-heading\">Gesch\u00e4fte und medizinische Versorgung:<\/h2>\n<h6>Alles, was man braucht, in 11 Minuten von Murist erreichbar.<\/h6>\n<h6>Krankenh\u00e4user, Lebensmittel, gro\u00dfe Superm\u00e4rkte.<\/h6>\n[\/wr_vc_section_context][\/vc_column][vc_column width=&#8221;3\/4&#8243;][wr_vc_section_image image=&#8221;1087&#8243;][\/vc_column][\/vc_row][\/vc_section][vc_row][vc_column][wr_vc_section_context]\n<h5 style=\"letter-spacing: 5px;\"><em>Allt\u00e4glich<\/em><\/h5>\n<h2 class=\"h2-heading\">Praktische Informationen<\/h2>\n[\/wr_vc_section_context][\/vc_column][\/vc_row][vc_row][vc_column][wr_vc_section_context][\/wr_vc_section_context][wr_vc_section_context margin=&#8221;0px 10px 0px 0px&#8221;]<strong>Mobilit\u00e4t:<br \/>\n<\/strong>Individualverkehr Auto<br \/>\n&#8211; Pro Wohnung wird ein Parkplatz zugewiesen und bei Bedarf k\u00f6nnen weitere P-rkpl\u00e4tze optional gemietet\/gekauft werden<br \/>\n&#8211; Eine Mobility-Station ist geplant und steht den Vuillama-Bewohnern zur Verf\u00fcgung (Mobility-Tarife).<br \/>\nMobility Public Car.<br \/>\n&#8211; Murist ist im Netz der TPF-Dienste eingebunden.<br \/>\n&#8211; F\u00fcr die Oberstufen Schulen gibt es einen Schulbus, der an die Schulzeiten angepasst ist.[\/wr_vc_section_context][\/vc_column][\/vc_row][vc_row][vc_column width=&#8221;1\/2&#8243;][\/vc_column][\/vc_row]\n<\/section>","protected":false},"excerpt":{"rendered":"<p>[vc_section][vc_row][vc_column][wr_vc_section_context] Leben in Estavayer-Murist Murist liegt am S\u00fcdufer des Neuenburgersees und geh\u00f6rt zur Gemeinde Estavayer. Eine gastfreundliche Region, die dank ihrer attraktiven Natur, ihren Wassersportangeboten, ihrem Schulangebot und ihren Arbeitsm\u00f6glichkeiten zahlreiche neue Einwohner anzieht. Wer in Murist lebt, profitiert von einer \u00fcppigen Natur mit viel Platz und frischer Luft zum Durchatmen. Gleichzeitig findet man auch in der N\u00e4he alle Annehmlichkeiten&#8230;<\/p>\n","protected":false},"author":1,"featured_media":0,"parent":0,"menu_order":0,"comment_status":"closed","ping_status":"closed","template":"","meta":{"content-type":"","inline_featured_image":false,"footnotes":"","_links_to":"","_links_to_target":""},"class_list":["post-1464","page","type-page","status-publish","hentry"],"yoast_head":"<!-- This site is optimized with the Yoast SEO plugin v21.8 - https:\/\/yoast.com\/wordpress\/plugins\/seo\/ -->\n<title>Situation - Vulliama<\/title>\n<meta name=\"robots\" content=\"index, follow, max-snippet:-1, max-image-preview:large, max-video-preview:-1\" \/>\n<link rel=\"canonical\" href=\"https:\/\/vulliama.ch\/de\/situation\/\" \/>\n<meta property=\"og:locale\" content=\"de_DE\" \/>\n<meta property=\"og:type\" content=\"article\" \/>\n<meta property=\"og:title\" content=\"Situation - Vulliama\" \/>\n<meta property=\"og:description\" content=\"[vc_section][vc_row][vc_column][wr_vc_section_context] Leben in Estavayer-Murist Murist liegt am S\u00fcdufer des Neuenburgersees und geh\u00f6rt zur Gemeinde Estavayer. Eine gastfreundliche Region, die dank ihrer attraktiven Natur, ihren Wassersportangeboten, ihrem Schulangebot und ihren Arbeitsm\u00f6glichkeiten zahlreiche neue Einwohner anzieht. Wer in Murist lebt, profitiert von einer \u00fcppigen Natur mit viel Platz und frischer Luft zum Durchatmen. Gleichzeitig findet man auch in der N\u00e4he alle Annehmlichkeiten...\" \/>\n<meta property=\"og:url\" content=\"https:\/\/vulliama.ch\/de\/situation\/\" \/>\n<meta property=\"og:site_name\" content=\"Vulliama\" \/>\n<meta property=\"article:modified_time\" content=\"2023-05-14T23:00:55+00:00\" \/>\n<meta name=\"twitter:card\" content=\"summary_large_image\" \/>\n<meta name=\"twitter:label1\" content=\"Gesch\u00e4tzte Lesezeit\" \/>\n\t<meta name=\"twitter:data1\" content=\"2\u00a0Minuten\" \/>\n<script type=\"application\/ld+json\" class=\"yoast-schema-graph\">{\"@context\":\"https:\/\/schema.org\",\"@graph\":[{\"@type\":\"WebPage\",\"@id\":\"https:\/\/vulliama.ch\/de\/situation\/\",\"url\":\"https:\/\/vulliama.ch\/de\/situation\/\",\"name\":\"Situation - Vulliama\",\"isPartOf\":{\"@id\":\"https:\/\/vulliama.ch\/de\/#website\"},\"datePublished\":\"2023-03-09T21:02:25+00:00\",\"dateModified\":\"2023-05-14T23:00:55+00:00\",\"breadcrumb\":{\"@id\":\"https:\/\/vulliama.ch\/de\/situation\/#breadcrumb\"},\"inLanguage\":\"de\",\"potentialAction\":[{\"@type\":\"ReadAction\",\"target\":[\"https:\/\/vulliama.ch\/de\/situation\/\"]}]},{\"@type\":\"BreadcrumbList\",\"@id\":\"https:\/\/vulliama.ch\/de\/situation\/#breadcrumb\",\"itemListElement\":[{\"@type\":\"ListItem\",\"position\":1,\"name\":\"Home\",\"item\":\"https:\/\/vulliama.ch\/de\/\"},{\"@type\":\"ListItem\",\"position\":2,\"name\":\"Situation\"}]},{\"@type\":\"WebSite\",\"@id\":\"https:\/\/vulliama.ch\/de\/#website\",\"url\":\"https:\/\/vulliama.ch\/de\/\",\"name\":\"Vulliama\",\"description\":\"\",\"potentialAction\":[{\"@type\":\"SearchAction\",\"target\":{\"@type\":\"EntryPoint\",\"urlTemplate\":\"https:\/\/vulliama.ch\/de\/?s={search_term_string}\"},\"query-input\":\"required name=search_term_string\"}],\"inLanguage\":\"de\"}]}<\/script>\n<!-- \/ Yoast SEO plugin. -->","yoast_head_json":{"title":"Situation - Vulliama","robots":{"index":"index","follow":"follow","max-snippet":"max-snippet:-1","max-image-preview":"max-image-preview:large","max-video-preview":"max-video-preview:-1"},"canonical":"https:\/\/vulliama.ch\/de\/situation\/","og_locale":"de_DE","og_type":"article","og_title":"Situation - Vulliama","og_description":"[vc_section][vc_row][vc_column][wr_vc_section_context] Leben in Estavayer-Murist Murist liegt am S\u00fcdufer des Neuenburgersees und geh\u00f6rt zur Gemeinde Estavayer. Eine gastfreundliche Region, die dank ihrer attraktiven Natur, ihren Wassersportangeboten, ihrem Schulangebot und ihren Arbeitsm\u00f6glichkeiten zahlreiche neue Einwohner anzieht. Wer in Murist lebt, profitiert von einer \u00fcppigen Natur mit viel Platz und frischer Luft zum Durchatmen. Gleichzeitig findet man auch in der N\u00e4he alle Annehmlichkeiten...","og_url":"https:\/\/vulliama.ch\/de\/situation\/","og_site_name":"Vulliama","article_modified_time":"2023-05-14T23:00:55+00:00","twitter_card":"summary_large_image","twitter_misc":{"Gesch\u00e4tzte Lesezeit":"2\u00a0Minuten"},"schema":{"@context":"https:\/\/schema.org","@graph":[{"@type":"WebPage","@id":"https:\/\/vulliama.ch\/de\/situation\/","url":"https:\/\/vulliama.ch\/de\/situation\/","name":"Situation - Vulliama","isPartOf":{"@id":"https:\/\/vulliama.ch\/de\/#website"},"datePublished":"2023-03-09T21:02:25+00:00","dateModified":"2023-05-14T23:00:55+00:00","breadcrumb":{"@id":"https:\/\/vulliama.ch\/de\/situation\/#breadcrumb"},"inLanguage":"de","potentialAction":[{"@type":"ReadAction","target":["https:\/\/vulliama.ch\/de\/situation\/"]}]},{"@type":"BreadcrumbList","@id":"https:\/\/vulliama.ch\/de\/situation\/#breadcrumb","itemListElement":[{"@type":"ListItem","position":1,"name":"Home","item":"https:\/\/vulliama.ch\/de\/"},{"@type":"ListItem","position":2,"name":"Situation"}]},{"@type":"WebSite","@id":"https:\/\/vulliama.ch\/de\/#website","url":"https:\/\/vulliama.ch\/de\/","name":"Vulliama","description":"","potentialAction":[{"@type":"SearchAction","target":{"@type":"EntryPoint","urlTemplate":"https:\/\/vulliama.ch\/de\/?s={search_term_string}"},"query-input":"required name=search_term_string"}],"inLanguage":"de"}]}},"_links":{"self":[{"href":"https:\/\/vulliama.ch\/de\/wp-json\/wp\/v2\/pages\/1464","targetHints":{"allow":["GET"]}}],"collection":[{"href":"https:\/\/vulliama.ch\/de\/wp-json\/wp\/v2\/pages"}],"about":[{"href":"https:\/\/vulliama.ch\/de\/wp-json\/wp\/v2\/types\/page"}],"author":[{"embeddable":true,"href":"https:\/\/vulliama.ch\/de\/wp-json\/wp\/v2\/users\/1"}],"replies":[{"embeddable":true,"href":"https:\/\/vulliama.ch\/de\/wp-json\/wp\/v2\/comments?post=1464"}],"version-history":[{"count":4,"href":"https:\/\/vulliama.ch\/de\/wp-json\/wp\/v2\/pages\/1464\/revisions"}],"predecessor-version":[{"id":1628,"href":"https:\/\/vulliama.ch\/de\/wp-json\/wp\/v2\/pages\/1464\/revisions\/1628"}],"wp:attachment":[{"href":"https:\/\/vulliama.ch\/de\/wp-json\/wp\/v2\/media?parent=1464"}],"curies":[{"name":"wp","href":"https:\/\/api.w.org\/{rel}","templated":true}]}}