{"id":1470,"date":"2021-10-01T10:30:51","date_gmt":"2021-10-01T08:30:51","guid":{"rendered":"https:\/\/vulliama.ch\/kontakt\/"},"modified":"2023-05-22T01:21:10","modified_gmt":"2023-05-21T23:21:10","slug":"kontakt","status":"publish","type":"page","link":"https:\/\/vulliama.ch\/de\/kontakt\/","title":{"rendered":"Kontakt"},"content":{"rendered":"<section class=\"wpb-content-wrapper\">[vc_row row_type=&#8221;main-section&#8221; bauen_section_layout=&#8221;section_grid&#8221; bauen_df_padding_bottom=&#8221;section-padding2&#8243;][vc_column][vc_row_inner inner_sec_effect_opt=&#8221;mb-90&#8243;][vc_column_inner width=&#8221;1\/2&#8243;][wr_vc_section_contact animate=&#8221;yes&#8221; title=&#8221;inomo+&#8221;]<span dir=\"ltr\" role=\"presentation\">Wir freuen uns, Ihre Frage, Reservierung oder Kontaktanfrage entgegenzunehmen.<\/span><br role=\"presentation\" \/><span dir=\"ltr\" role=\"presentation\">Reservierung oder Kontaktanfrage.<\/span><br role=\"presentation\" \/><span dir=\"ltr\" role=\"presentation\">Jede R\u00fcckmeldung ist willkommen und wird ber\u00fccksichtigt.<\/span>[\/wr_vc_section_contact][wr_vc_section_contact animate=&#8221;yes&#8221; title=&#8221;Kontaktdetails&#8221; phone_title1=&#8221;T\u00e9l\u00e9phone :&#8221; phone_title2=&#8221;+41 78 422 41 28&#8243; mail_title1=&#8221;Mail :&#8221; mail_title2=&#8221;info@inomo.ch&#8221; address_title1=&#8221;Adresse :&#8221; address_title2=&#8221;inomo+, Michael Nuessli, Sonneggstrasse 15, 3076 Worb&#8221;][\/wr_vc_section_contact][wr_vc_section_heading title=&#8221;SUCHEN SIE&#8230;&#8221; tag=&#8221;4&#8243;][\/wr_vc_section_heading][wr_vc_section_accords][wr_vc_section_accord title=&#8221;Die Brosch\u00fcre der Promotion?&#8221;]<script charset=\"utf-8\" type=\"text\/javascript\" src=\"\/\/js-eu1.hsforms.net\/forms\/embed\/v2.js\"><\/script><script>hbspt.forms.create({region:\"eu1\",portalId:\"139555905\",formId:\"83ad5572-e182-4d39-89c6-6ebcd1a7b452\",css:\"\",onFormReady:function(e){var t=document.getElementById(\"hs-form-iframe-0\"),o=t.contentDocument||t.contentWindow.document;o.querySelector(\".hubspot-link__container.sproket\").style.display=\"none\";var r=o.querySelector(\".hs-button.primary\");r.style.backgroundColor=\"#1e5600\",r.style.borderColor=\"#1e5600\",r.style.borderRadius=\"5px\",r.style.color=\"#fff\",r.style.fontFamily=\"'Didact Gothic', sans-serif\",r.style.fontSize=\"14px\",r.style.fontWeight=\"300\",r.style.letterSpacing=\"2px\",r.style.textTransform=\"capitalize\",r.style.backgroundImage=\"linear-gradient(to bottom, rgba(255, 255, 255, 0.2) 0, rgba(255, 255, 255, 0.01) 100%)\",r.style.backgroundRepeat=\"repeat-x\",r.addEventListener(\"mouseover\",function(){r.style.backgroundColor=\"#cef0ce\",r.style.color=\"#1e5600\"}),r.addEventListener(\"mouseout\",function(){r.style.backgroundColor=\"#1e5600\",r.style.color=\"#fff\"})},onFormSubmit:function(e){document.getElementById(\"brochure-pdf\").style.display=\"block\"}})<\/script><button id=\"brochure-pdf\" style=\"display: none;\"><a href=\"\/wp-content\/uploads\/2023\/05\/Brochure-Vulliama-30.04.23.pdf\">PDF<\/a><\/button>[\/wr_vc_section_accord][wr_vc_section_accord title=&#8221;Die technischen Datenbl\u00e4tter f\u00fcr eine Wohnung?&#8221;]<a href=\"https:\/\/appartements.vulliama.ch\/\">W\u00e4hlen Sie die Wohnung aus und dr\u00fccken Sie &#8220;technisches Datenblatt&#8221;.<\/a>[\/wr_vc_section_accord][\/wr_vc_section_accords][\/vc_column_inner][vc_column_inner width=&#8221;1\/2&#8243;][wr_vc_section_cform animate=&#8221;yes&#8221; title=&#8221;Kontaktformular&#8221; contactfromid=&#8221;1581&#8243;][\/vc_column_inner][\/vc_row_inner][vc_row_inner][vc_column_inner][wr_vc_section_gmap animate=&#8221;yes&#8221; latitude=&#8221;46.78728299031804, 6.807347064239415&#8243; address=&#8221;Imp. de Vulliama, Estavayer, Switzerland&#8221; map_url=&#8221;st2&#8243; image=&#8221;111&#8243;][\/vc_column_inner][\/vc_row_inner][\/vc_column][\/vc_row][vc_row][vc_column][\/vc_column][\/vc_row][vc_row][vc_column][vc_raw_js]JTNDc2NyaXB0JTNFJTBBd2luZG93Lm9ubG9hZCUyMCUzRCUyMGZ1bmN0aW9uJTI4JTI5JTIwJTdCJTBBJTIwJTIwdmFyJTIwZWxlbWVudCUyMCUzRCUyMGRvY3VtZW50LnF1ZXJ5U2VsZWN0b3IlMjglMjcubGVhZmxldC1jb250cm9sLXpvb20tb3V0JTI3JTI5JTNCJTBBJTIwJTIwc2V0VGltZW91dCUyOGZ1bmN0aW9uJTI4JTI5JTIwJTdCJTBBJTIwJTIwJTIwJTIwZWxlbWVudC5jbGljayUyOCUyOSUzQiUwQSUyMCUyMCUyMCUyMHNldFRpbWVvdXQlMjhmdW5jdGlvbiUyOCUyOSUyMCU3QiUwQSUyMCUyMCUyMCUyMCUyMCUyMGVsZW1lbnQuY2xpY2slMjglMjklM0IlMEElMjAlMjAlMjAlMjAlN0QlMkMlMjA1MDAlMjklM0IlMEElMjAlMjAlMjAlMjBzZXRUaW1lb3V0JTI4ZnVuY3Rpb24lMjglMjklMjAlN0IlMEElMjAlMjAlMjAlMjAlMjAlMjBlbGVtZW50LmNsaWNrJTI4JTI5JTNCJTBBJTIwJTIwJTIwJTIwJTdEJTJDJTIwNTAwJTI5JTNCJTBBJTIwJTIwJTdEJTJDJTIwNTAwJTI5JTNCJTBBJTBBJTIwJTIwc2V0VGltZW91dCUyOGZ1bmN0aW9uJTI4JTI5JTIwJTdCJTBBJTIwJTIwJTIwJTIwZWxlbWVudC5jbGljayUyOCUyOSUzQiUwQSUyMCUyMCUyMCUyMHNldFRpbWVvdXQlMjhmdW5jdGlvbiUyOCUyOSUyMCU3QiUwQSUyMCUyMCUyMCUyMCUyMCUyMGVsZW1lbnQuY2xpY2slMjglMjklM0IlMEElMjAlMjAlMjAlMjAlN0QlMkMlMjA1MDAlMjklM0IlMEElMjAlMjAlN0QlMkMlMjA3MDAlMjklM0IlMEElMEElMjAlMjBzZXRUaW1lb3V0JTI4ZnVuY3Rpb24lMjglMjklMjAlN0IlMEElMjAlMjAlMjAlMjBlbGVtZW50LmNsaWNrJTI4JTI5JTNCJTBBJTIwJTIwJTIwJTIwc2V0VGltZW91dCUyOGZ1bmN0aW9uJTI4JTI5JTIwJTdCJTBBJTIwJTIwJTIwJTIwJTIwJTIwZWxlbWVudC5jbGljayUyOCUyOSUzQiUwQSUyMCUyMCUyMCUyMCU3RCUyQyUyMDUwMCUyOSUzQiUwQSUyMCUyMCUyMCUyMHNldFRpbWVvdXQlMjhmdW5jdGlvbiUyOCUyOSUyMCU3QiUwQSUyMCUyMCUyMCUyMCUyMCUyMGVsZW1lbnQuY2xpY2slMjglMjklM0IlMEElMjAlMjAlMjAlMjAlN0QlMkMlMjA1MDAlMjklM0IlMEElMjAlMjAlN0QlMkMlMjA1MDAlMjklM0IlMEElN0QlMEElM0MlMkZzY3JpcHQlM0U=[\/vc_raw_js][\/vc_column][\/vc_row]\n<\/section>","protected":false},"excerpt":{"rendered":"<p>[vc_row row_type=&#8221;main-section&#8221; bauen_section_layout=&#8221;section_grid&#8221; bauen_df_padding_bottom=&#8221;section-padding2&#8243;][vc_column][vc_row_inner inner_sec_effect_opt=&#8221;mb-90&#8243;][vc_column_inner width=&#8221;1\/2&#8243;][wr_vc_section_contact animate=&#8221;yes&#8221; title=&#8221;inomo+&#8221;]Wir freuen uns, Ihre Frage, Reservierung oder Kontaktanfrage entgegenzunehmen.Reservierung oder Kontaktanfrage.Jede R\u00fcckmeldung ist willkommen und wird ber\u00fccksichtigt.[\/wr_vc_section_contact][wr_vc_section_contact animate=&#8221;yes&#8221; title=&#8221;Kontaktdetails&#8221; phone_title1=&#8221;T\u00e9l\u00e9phone :&#8221; phone_title2=&#8221;+41 78 422 41 28&#8243; mail_title1=&#8221;Mail :&#8221; mail_title2=&#8221;info@inomo.ch&#8221; address_title1=&#8221;Adresse :&#8221; address_title2=&#8221;inomo+, Michael Nuessli, Sonneggstrasse 15, 3076 Worb&#8221;][\/wr_vc_section_contact][wr_vc_section_heading title=&#8221;SUCHEN SIE&#8230;&#8221; tag=&#8221;4&#8243;][\/wr_vc_section_heading][wr_vc_section_accords][wr_vc_section_accord title=&#8221;Die Brosch\u00fcre der Promotion?&#8221;]PDF[\/wr_vc_section_accord][wr_vc_section_accord title=&#8221;Die technischen Datenbl\u00e4tter f\u00fcr eine Wohnung?&#8221;]W\u00e4hlen Sie die&#8230;<\/p>\n","protected":false},"author":1,"featured_media":0,"parent":0,"menu_order":0,"comment_status":"closed","ping_status":"closed","template":"","meta":{"content-type":"","inline_featured_image":false,"footnotes":"","_links_to":"","_links_to_target":""},"class_list":["post-1470","page","type-page","status-publish","hentry"],"yoast_head":"<!-- This site is optimized with the Yoast SEO plugin v21.8 - https:\/\/yoast.com\/wordpress\/plugins\/seo\/ -->\n<title>Kontakt - Vulliama<\/title>\n<meta name=\"robots\" content=\"index, follow, max-snippet:-1, max-image-preview:large, max-video-preview:-1\" \/>\n<link rel=\"canonical\" href=\"https:\/\/vulliama.ch\/de\/kontakt\/\" \/>\n<meta property=\"og:locale\" content=\"de_DE\" \/>\n<meta property=\"og:type\" content=\"article\" \/>\n<meta property=\"og:title\" content=\"Kontakt - Vulliama\" \/>\n<meta property=\"og:description\" content=\"[vc_row row_type=&#8221;main-section&#8221; bauen_section_layout=&#8221;section_grid&#8221; bauen_df_padding_bottom=&#8221;section-padding2&#8243;][vc_column][vc_row_inner inner_sec_effect_opt=&#8221;mb-90&#8243;][vc_column_inner width=&#8221;1\/2&#8243;][wr_vc_section_contact animate=&#8221;yes&#8221; title=&#8221;inomo+&#8221;]Wir freuen uns, Ihre Frage, Reservierung oder Kontaktanfrage entgegenzunehmen.Reservierung oder Kontaktanfrage.Jede R\u00fcckmeldung ist willkommen und wird ber\u00fccksichtigt.[\/wr_vc_section_contact][wr_vc_section_contact animate=&#8221;yes&#8221; title=&#8221;Kontaktdetails&#8221; phone_title1=&#8221;T\u00e9l\u00e9phone :&#8221; phone_title2=&#8221;+41 78 422 41 28&#8243; mail_title1=&#8221;Mail :&#8221; mail_title2=&#8221;info@inomo.ch&#8221; address_title1=&#8221;Adresse :&#8221; address_title2=&#8221;inomo+, Michael Nuessli, Sonneggstrasse 15, 3076 Worb&#8221;][\/wr_vc_section_contact][wr_vc_section_heading title=&#8221;SUCHEN SIE&#8230;&#8221; tag=&#8221;4&#8243;][\/wr_vc_section_heading][wr_vc_section_accords][wr_vc_section_accord title=&#8221;Die Brosch\u00fcre der Promotion?&#8221;]PDF[\/wr_vc_section_accord][wr_vc_section_accord title=&#8221;Die technischen Datenbl\u00e4tter f\u00fcr eine Wohnung?&#8221;]W\u00e4hlen Sie die...\" \/>\n<meta property=\"og:url\" content=\"https:\/\/vulliama.ch\/de\/kontakt\/\" \/>\n<meta property=\"og:site_name\" content=\"Vulliama\" \/>\n<meta property=\"article:modified_time\" content=\"2023-05-21T23:21:10+00:00\" \/>\n<meta name=\"twitter:card\" content=\"summary_large_image\" \/>\n<meta name=\"twitter:label1\" content=\"Gesch\u00e4tzte Lesezeit\" \/>\n\t<meta name=\"twitter:data1\" content=\"1\u00a0Minute\" \/>\n<script type=\"application\/ld+json\" class=\"yoast-schema-graph\">{\"@context\":\"https:\/\/schema.org\",\"@graph\":[{\"@type\":\"WebPage\",\"@id\":\"https:\/\/vulliama.ch\/de\/kontakt\/\",\"url\":\"https:\/\/vulliama.ch\/de\/kontakt\/\",\"name\":\"Kontakt - Vulliama\",\"isPartOf\":{\"@id\":\"https:\/\/vulliama.ch\/de\/#website\"},\"datePublished\":\"2021-10-01T08:30:51+00:00\",\"dateModified\":\"2023-05-21T23:21:10+00:00\",\"breadcrumb\":{\"@id\":\"https:\/\/vulliama.ch\/de\/kontakt\/#breadcrumb\"},\"inLanguage\":\"de\",\"potentialAction\":[{\"@type\":\"ReadAction\",\"target\":[\"https:\/\/vulliama.ch\/de\/kontakt\/\"]}]},{\"@type\":\"BreadcrumbList\",\"@id\":\"https:\/\/vulliama.ch\/de\/kontakt\/#breadcrumb\",\"itemListElement\":[{\"@type\":\"ListItem\",\"position\":1,\"name\":\"Home\",\"item\":\"https:\/\/vulliama.ch\/de\/\"},{\"@type\":\"ListItem\",\"position\":2,\"name\":\"Kontakt\"}]},{\"@type\":\"WebSite\",\"@id\":\"https:\/\/vulliama.ch\/de\/#website\",\"url\":\"https:\/\/vulliama.ch\/de\/\",\"name\":\"Vulliama\",\"description\":\"\",\"potentialAction\":[{\"@type\":\"SearchAction\",\"target\":{\"@type\":\"EntryPoint\",\"urlTemplate\":\"https:\/\/vulliama.ch\/de\/?s={search_term_string}\"},\"query-input\":\"required name=search_term_string\"}],\"inLanguage\":\"de\"}]}<\/script>\n<!-- \/ Yoast SEO plugin. -->","yoast_head_json":{"title":"Kontakt - Vulliama","robots":{"index":"index","follow":"follow","max-snippet":"max-snippet:-1","max-image-preview":"max-image-preview:large","max-video-preview":"max-video-preview:-1"},"canonical":"https:\/\/vulliama.ch\/de\/kontakt\/","og_locale":"de_DE","og_type":"article","og_title":"Kontakt - Vulliama","og_description":"[vc_row row_type=&#8221;main-section&#8221; bauen_section_layout=&#8221;section_grid&#8221; bauen_df_padding_bottom=&#8221;section-padding2&#8243;][vc_column][vc_row_inner inner_sec_effect_opt=&#8221;mb-90&#8243;][vc_column_inner width=&#8221;1\/2&#8243;][wr_vc_section_contact animate=&#8221;yes&#8221; title=&#8221;inomo+&#8221;]Wir freuen uns, Ihre Frage, Reservierung oder Kontaktanfrage entgegenzunehmen.Reservierung oder Kontaktanfrage.Jede R\u00fcckmeldung ist willkommen und wird ber\u00fccksichtigt.[\/wr_vc_section_contact][wr_vc_section_contact animate=&#8221;yes&#8221; title=&#8221;Kontaktdetails&#8221; phone_title1=&#8221;T\u00e9l\u00e9phone :&#8221; phone_title2=&#8221;+41 78 422 41 28&#8243; mail_title1=&#8221;Mail :&#8221; mail_title2=&#8221;info@inomo.ch&#8221; address_title1=&#8221;Adresse :&#8221; address_title2=&#8221;inomo+, Michael Nuessli, Sonneggstrasse 15, 3076 Worb&#8221;][\/wr_vc_section_contact][wr_vc_section_heading title=&#8221;SUCHEN SIE&#8230;&#8221; tag=&#8221;4&#8243;][\/wr_vc_section_heading][wr_vc_section_accords][wr_vc_section_accord title=&#8221;Die Brosch\u00fcre der Promotion?&#8221;]PDF[\/wr_vc_section_accord][wr_vc_section_accord title=&#8221;Die technischen Datenbl\u00e4tter f\u00fcr eine Wohnung?&#8221;]W\u00e4hlen Sie die...","og_url":"https:\/\/vulliama.ch\/de\/kontakt\/","og_site_name":"Vulliama","article_modified_time":"2023-05-21T23:21:10+00:00","twitter_card":"summary_large_image","twitter_misc":{"Gesch\u00e4tzte Lesezeit":"1\u00a0Minute"},"schema":{"@context":"https:\/\/schema.org","@graph":[{"@type":"WebPage","@id":"https:\/\/vulliama.ch\/de\/kontakt\/","url":"https:\/\/vulliama.ch\/de\/kontakt\/","name":"Kontakt - Vulliama","isPartOf":{"@id":"https:\/\/vulliama.ch\/de\/#website"},"datePublished":"2021-10-01T08:30:51+00:00","dateModified":"2023-05-21T23:21:10+00:00","breadcrumb":{"@id":"https:\/\/vulliama.ch\/de\/kontakt\/#breadcrumb"},"inLanguage":"de","potentialAction":[{"@type":"ReadAction","target":["https:\/\/vulliama.ch\/de\/kontakt\/"]}]},{"@type":"BreadcrumbList","@id":"https:\/\/vulliama.ch\/de\/kontakt\/#breadcrumb","itemListElement":[{"@type":"ListItem","position":1,"name":"Home","item":"https:\/\/vulliama.ch\/de\/"},{"@type":"ListItem","position":2,"name":"Kontakt"}]},{"@type":"WebSite","@id":"https:\/\/vulliama.ch\/de\/#website","url":"https:\/\/vulliama.ch\/de\/","name":"Vulliama","description":"","potentialAction":[{"@type":"SearchAction","target":{"@type":"EntryPoint","urlTemplate":"https:\/\/vulliama.ch\/de\/?s={search_term_string}"},"query-input":"required name=search_term_string"}],"inLanguage":"de"}]}},"_links":{"self":[{"href":"https:\/\/vulliama.ch\/de\/wp-json\/wp\/v2\/pages\/1470","targetHints":{"allow":["GET"]}}],"collection":[{"href":"https:\/\/vulliama.ch\/de\/wp-json\/wp\/v2\/pages"}],"about":[{"href":"https:\/\/vulliama.ch\/de\/wp-json\/wp\/v2\/types\/page"}],"author":[{"embeddable":true,"href":"https:\/\/vulliama.ch\/de\/wp-json\/wp\/v2\/users\/1"}],"replies":[{"embeddable":true,"href":"https:\/\/vulliama.ch\/de\/wp-json\/wp\/v2\/comments?post=1470"}],"version-history":[{"count":18,"href":"https:\/\/vulliama.ch\/de\/wp-json\/wp\/v2\/pages\/1470\/revisions"}],"predecessor-version":[{"id":1745,"href":"https:\/\/vulliama.ch\/de\/wp-json\/wp\/v2\/pages\/1470\/revisions\/1745"}],"wp:attachment":[{"href":"https:\/\/vulliama.ch\/de\/wp-json\/wp\/v2\/media?parent=1470"}],"curies":[{"name":"wp","href":"https:\/\/api.w.org\/{rel}","templated":true}]}}